{"id":233,"date":"2022-07-19T18:32:24","date_gmt":"2022-07-19T15:32:24","guid":{"rendered":"https:\/\/esraaktepekeskin.com\/?page_id=233"},"modified":"2024-03-25T15:46:22","modified_gmt":"2024-03-25T12:46:22","slug":"rechtlicher-hinweis","status":"publish","type":"page","link":"https:\/\/dralperuslu.com\/de\/rechtlicher-hinweis\/","title":{"rendered":"Rechtlicher Hinweis"},"content":{"rendered":"<h2><strong>Rechtlicher Hinweis<\/strong><\/h2>\n<p>Diese Website wurde erstellt, um Menschen zu informieren, und bietet keine Gesundheitsdienste an. Die Informationen auf der Website sollten in keiner Weise zur Diagnose oder Behandlung von Krankheiten verwendet werden. Die textlichen und\/oder visuellen Inhalte auf der Seite haben keine Werbezwecke und dienen der Vorabinformation. Diese visuellen und\/oder textlichen Inhalte stellen keine Grundlage f\u00fcr eine medizinische oder h\u00e4usliche Praxis dar. Es wird davon ausgegangen, dass Personen, die diese Website besuchen, die Probleme im rechtlichen Warntext gelesen und akzeptiert haben.<\/p>\n<p>Jegliche Verantwortung, die sich aus der Verwendung der Website-Inhalte f\u00fcr die Diagnose und Behandlung auf diese Weise ergibt, liegt beim Besucher, dem Benutzer. Es wird davon ausgegangen, dass Personen, die diese Website besuchen, diese Warnungen akzeptiert haben.<\/p>\n<p>Medizinische Informationen, verwendete diagnostische und therapeutische Ger\u00e4te \u00e4ndern sich schnell. Ein Wissen, eine Methode oder ein Werkzeug kann in k\u00fcrzester Zeit aufgegeben werden. Dar\u00fcber hinaus kann es unterschiedliche Techniken, Informationen und unterschiedliche Anwendungen geben, die darauf abzielen, in der Medizin das gleiche Ergebnis zu erzielen. Bei Diagnose und Behandlung sind die pers\u00f6nliche Erfahrung des Arztes, seine F\u00e4higkeiten ein entscheidender Faktor. Es ist m\u00f6glich, unterschiedliche Ansichten zum gleichen Thema zu haben. Da die Informationen auf der Website nicht t\u00e4glich aktualisiert werden k\u00f6nnen, m\u00fcssen alle Informationen vom Besucher in Absprache mit seinem Arzt \u00fcberpr\u00fcft werden.<\/p>\n","protected":false},"excerpt":{"rendered":"<p>Rechtlicher Hinweis Diese Website wurde erstellt, um Menschen zu informieren, und bietet keine Gesundheitsdienste an. Die Informationen auf der Website sollten in keiner Weise zur Diagnose oder Behandlung von Krankheiten verwendet werden. Die textlichen und\/oder visuellen Inhalte auf der Seite haben keine Werbezwecke und dienen der Vorabinformation. Diese visuellen und\/oder textlichen Inhalte stellen keine Grundlage [&hellip;]<\/p>\n","protected":false},"author":1,"featured_media":0,"parent":0,"menu_order":0,"comment_status":"closed","ping_status":"closed","template":"","meta":{"_joinchat":[],"footnotes":""},"class_list":["post-233","page","type-page","status-publish","hentry"],"aioseo_notices":[],"_links":{"self":[{"href":"https:\/\/dralperuslu.com\/de\/wp-json\/wp\/v2\/pages\/233","targetHints":{"allow":["GET"]}}],"collection":[{"href":"https:\/\/dralperuslu.com\/de\/wp-json\/wp\/v2\/pages"}],"about":[{"href":"https:\/\/dralperuslu.com\/de\/wp-json\/wp\/v2\/types\/page"}],"author":[{"embeddable":true,"href":"https:\/\/dralperuslu.com\/de\/wp-json\/wp\/v2\/users\/1"}],"replies":[{"embeddable":true,"href":"https:\/\/dralperuslu.com\/de\/wp-json\/wp\/v2\/comments?post=233"}],"version-history":[{"count":0,"href":"https:\/\/dralperuslu.com\/de\/wp-json\/wp\/v2\/pages\/233\/revisions"}],"wp:attachment":[{"href":"https:\/\/dralperuslu.com\/de\/wp-json\/wp\/v2\/media?parent=233"}],"curies":[{"name":"wp","href":"https:\/\/api.w.org\/{rel}","templated":true}]}}