{"id":17,"date":"2022-07-14T00:00:22","date_gmt":"2022-07-13T21:00:22","guid":{"rendered":"https:\/\/esraaktepekeskin.com\/?page_id=17"},"modified":"2024-03-25T16:31:35","modified_gmt":"2024-03-25T13:31:35","slug":"bemerkungen","status":"publish","type":"page","link":"https:\/\/dralperuslu.com\/de\/bemerkungen\/","title":{"rendered":"Bemerkungen"},"content":{"rendered":"<div class=\"wpb-content-wrapper\"><p>[vc_row][vc_column][vc_custom_heading text=&#8221;<b>Deine Kommentare<\/b>&#8221; use_theme_fonts=&#8221;yes&#8221; el_class=&#8221;shorter&#8221;][vc_empty_space height=&#8221;10px&#8221;]<div class=\"porto-testimonial wpb_content_element   wpb_custom_4760b66c0cbf51ec9a7673f3785bca75\"><div class=\"testimonial testimonial-style-4\"><blockquote><p>Seit der Operation ist 1 Jahr vergangen und ich bin sehr zufrieden. Vielen Dank f\u00fcr Ihre Freundlichkeit, Freundlichkeit und Ihr Interesse &#8230;<\/p><\/blockquote><div class=\"testimonial-arrow-down\"><\/div><div class=\"testimonial-author\"><div class=\"testimonial-author-thumbnail\"><img loading=\"lazy\" decoding=\"async\" class=\"img-responsive img-circle\" src=\"https:\/\/dralperuslu.com\/de\/wp-content\/uploads\/2023\/02\/ccc-1.png\" alt=\"mel...g....\" width=\"137\" height=\"33\"><\/div><p><strong>mel...g....<\/strong><span><\/span><\/p><\/div><\/div><\/div><div class=\"porto-testimonial wpb_content_element   wpb_custom_4760b66c0cbf51ec9a7673f3785bca75\"><div class=\"testimonial testimonial-style-4\"><blockquote><p>Ich habe Herrn Alper vor 6 Monaten kennengelernt. Er ist ein sehr f\u00fcrsorglicher und sehr erfolgreicher Arzt. Sie macht eine unglaublich sch\u00f6ne Nase. Ich hatte die Gelegenheit, ihn bei meiner ersten Nasenkorrektur in meinem Leben zu treffen. Wir haben die Operation durchgef\u00fchrt. Obwohl es nur eine kurze Zeit war, haben wir sehr gute Ergebnisse erzielt. Anschlie\u00dfend f\u00fchrten wir eine Fettabsaugung am Doppelkinn durch. Durch diese beiden Operationen wurde mein Gesicht sowohl sch\u00f6n als auch nat\u00fcrlich. Ich m\u00f6chte ihm meinen Dank aussprechen und ihn jedem w\u00e4rmstens empfehlen. Sie k\u00f6nnen uns beruhigt sagen, was Sie wollen und haben eine nat\u00fcrliche und perfekte Nase. \ud83d\ude4f\ud83d\ude4f<\/p><\/blockquote><div class=\"testimonial-arrow-down\"><\/div><div class=\"testimonial-author\"><div class=\"testimonial-author-thumbnail\"><img loading=\"lazy\" decoding=\"async\" class=\"img-responsive img-circle\" src=\"https:\/\/dralperuslu.com\/de\/wp-content\/uploads\/2023\/02\/ccc-1.png\" alt=\"tu...e...a..\" width=\"137\" height=\"33\"><\/div><p><strong>tu...e...a..<\/strong><span><\/span><\/p><\/div><\/div><\/div><div class=\"porto-testimonial wpb_content_element   wpb_custom_4760b66c0cbf51ec9a7673f3785bca75\"><div class=\"testimonial testimonial-style-4\"><blockquote><p>Ich hatte bei meinem Lehrer Alper eine Nasenkorrektur, eine Bichektomie und eine Fettabsaugung am Kinn. Ich bin mit jedem von ihnen sehr zufrieden. Da meine Nase dickh\u00e4utig ist, hatte ich einige Bedenken wegen einer Nasenkorrektur, aber mein Lehrer Alper hat perfekte Arbeit geleistet. Mein Genesungsprozess verlief sehr schnell und ich bin mit dem Ergebnis sehr zufrieden. Ich m\u00f6chte meinem Lehrer Alper und Vanity Aesthetics danken.<\/p><\/blockquote><div class=\"testimonial-arrow-down\"><\/div><div class=\"testimonial-author\"><div class=\"testimonial-author-thumbnail\"><img loading=\"lazy\" decoding=\"async\" class=\"img-responsive img-circle\" src=\"https:\/\/dralperuslu.com\/de\/wp-content\/uploads\/2023\/02\/ccc-1.png\" alt=\"li...\u00f6\" width=\"137\" height=\"33\"><\/div><p><strong>li...\u00f6<\/strong><span><\/span><\/p><\/div><\/div><\/div><div class=\"porto-testimonial wpb_content_element   wpb_custom_4760b66c0cbf51ec9a7673f3785bca75\"><div class=\"testimonial testimonial-style-4\"><blockquote><p>Der erfolgreichste Arzt \ud83d\ude42 Ich empfehle Herrn Alper ohne zu z\u00f6gern. Er war jemand, der seine Arbeit wirklich sehr, sehr gewissenhaft machte, sich so aufrichtig um seine Patienten k\u00fcmmerte und dessen Aufrichtigkeit man mit ganzem Herzen sp\u00fcrte. Er ist in seinem Job sehr erfolgreich. Wenn Sie zum Beispiel eine Frage im Kopf haben, werden Sie sicher zu mir kommen und sagen: Ja, ich habe den Arzt gefunden, dem ich meine Gesundheit anvertrauen werde. Ich w\u00fcnsche Ihnen viel Erfolg und danke Ihnen \ud83d\ude4f\ud83d\ude0a<\/p><\/blockquote><div class=\"testimonial-arrow-down\"><\/div><div class=\"testimonial-author\"><div class=\"testimonial-author-thumbnail\"><img loading=\"lazy\" decoding=\"async\" class=\"img-responsive img-circle\" src=\"https:\/\/dralperuslu.com\/de\/wp-content\/uploads\/2023\/02\/ccc-1.png\" alt=\"tu...a\" width=\"137\" height=\"33\"><\/div><p><strong>tu...a<\/strong><span><\/span><\/p><\/div><\/div><\/div><div class=\"porto-testimonial wpb_content_element   wpb_custom_4760b66c0cbf51ec9a7673f3785bca75\"><div class=\"testimonial testimonial-style-4\"><blockquote><p>Er ist ein sehr erfolgreicher Chirurg und ein guter Arzt.<\/p><\/blockquote><div class=\"testimonial-arrow-down\"><\/div><div class=\"testimonial-author\"><div class=\"testimonial-author-thumbnail\"><img loading=\"lazy\" decoding=\"async\" class=\"img-responsive img-circle\" src=\"https:\/\/dralperuslu.com\/de\/wp-content\/uploads\/2023\/02\/ccc-1.png\" alt=\"g\u00fc...e\" width=\"137\" height=\"33\"><\/div><p><strong>g\u00fc...e<\/strong><span><\/span><\/p><\/div><\/div><\/div><div class=\"porto-testimonial wpb_content_element   wpb_custom_4760b66c0cbf51ec9a7673f3785bca75\"><div class=\"testimonial testimonial-style-4\"><blockquote><p>Ich kann die Arbeit von Dr. Alper nicht bem\u00e4ngeln. Er hat mein Leben nach meiner Brustvergr\u00f6\u00dferung vor drei Monaten v\u00f6llig zum Besseren ver\u00e4ndert.<br \/>\nVon Anfang bis Ende stand er in st\u00e4ndigem Kontakt mit mir. Kann seinen Dr. Alper und sein Team und insbesondere alle im Academic Hospital w\u00e4rmstens empfehlen<\/p><\/blockquote><div class=\"testimonial-arrow-down\"><\/div><div class=\"testimonial-author\"><div class=\"testimonial-author-thumbnail\"><img loading=\"lazy\" decoding=\"async\" class=\"img-responsive img-circle\" src=\"https:\/\/dralperuslu.com\/de\/wp-content\/uploads\/2023\/02\/ccc-1.png\" alt=\"my...b\" width=\"137\" height=\"33\"><\/div><p><strong>my...b<\/strong><span><\/span><\/p><\/div><\/div><\/div><div class=\"porto-testimonial wpb_content_element   wpb_custom_4760b66c0cbf51ec9a7673f3785bca75\"><div class=\"testimonial testimonial-style-4\"><blockquote><p>Ich empfehle das weiter!<br \/>\nIch hatte eine Nasen Op, die Leute waren sehr lieb und nett haben sich sehr gut um mich gek\u00fcmmert nach der op. Herr Dr Alper hat all meine W\u00fcnsche erf\u00fcllt. Ich liebe meine neue Nase und ich bin ihn sehr dankbar!!!Vielen Dank Dr Apler ich bin sehr zufrieden!!<\/p><\/blockquote><div class=\"testimonial-arrow-down\"><\/div><div class=\"testimonial-author\"><div class=\"testimonial-author-thumbnail\"><img loading=\"lazy\" decoding=\"async\" class=\"img-responsive img-circle\" src=\"https:\/\/dralperuslu.com\/de\/wp-content\/uploads\/2023\/02\/ccc-1.png\" alt=\"el...s\" width=\"137\" height=\"33\"><\/div><p><strong>el...s<\/strong><span><\/span><\/p><\/div><\/div><\/div><div class=\"porto-testimonial wpb_content_element   wpb_custom_4760b66c0cbf51ec9a7673f3785bca75\"><div class=\"testimonial testimonial-style-4\"><blockquote><p>I just had a breast augmentation and lift (505cc under muscle) with Dr Alper. Everything went great! Pain levels were very low and I am already back to normal 9 days later!<br \/>\nI definitely recommend this surgeon and will be back if I ever want to go bigger \ud83d\ude05<br \/>\nHe took the time to answer all my questions and still does! I\u2019m so excited to see the final results!<br \/>\nThank you and the Vanity team \ud83d\ude4f<\/p><\/blockquote><div class=\"testimonial-arrow-down\"><\/div><div class=\"testimonial-author\"><div class=\"testimonial-author-thumbnail\"><img loading=\"lazy\" decoding=\"async\" class=\"img-responsive img-circle\" src=\"https:\/\/dralperuslu.com\/de\/wp-content\/uploads\/2023\/02\/ccc-1.png\" alt=\"sa...l\" width=\"137\" height=\"33\"><\/div><p><strong>sa...l<\/strong><span><\/span><\/p><\/div><\/div><\/div><div class=\"porto-testimonial wpb_content_element   wpb_custom_4760b66c0cbf51ec9a7673f3785bca75\"><div class=\"testimonial testimonial-style-4\"><blockquote><p>Doktor Alper hat meine Nasenkorrektur vor etwa 4 Monaten durchgef\u00fchrt. Er war vom Anfang bis zum Ende des Prozesses immer sehr interessiert, er hat mich \u00fcber alles informiert und ich hatte keine Schwierigkeiten, mir zu erkl\u00e4ren, was ich wollte. Wir haben gemeinsam mit gro\u00dfer Sorgfalt und Aufmerksamkeit entschieden, was f\u00fcr mein Gesicht am besten ist. Es h\u00e4tte wirklich nicht besser sein k\u00f6nnen, und daf\u00fcr bin ich ihm zu gro\u00dfem Dank verpflichtet. Im Vergleich zu den \u00c4rzten, die ich zuvor aufgesucht hatte, vertraute ich seiner Erfahrung und Anleitung mehr und war mit dem Ergebnis \u00e4u\u00dferst zufrieden. Es macht mich sehr gl\u00fccklich, positive Reaktionen von meinen Mitmenschen zu erhalten. Sie k\u00f6nnen ihn bedenkenlos kontaktieren, wenn es um Sch\u00f6nheitsoperationen oder einfach nur um Informationen geht.<\/p><\/blockquote><div class=\"testimonial-arrow-down\"><\/div><div class=\"testimonial-author\"><div class=\"testimonial-author-thumbnail\"><img loading=\"lazy\" decoding=\"async\" class=\"img-responsive img-circle\" src=\"https:\/\/dralperuslu.com\/de\/wp-content\/uploads\/2023\/02\/ccc-1.png\" alt=\"t\u00fc...a\" width=\"137\" height=\"33\"><\/div><p><strong>t\u00fc...a<\/strong><span><\/span><\/p><\/div><\/div><\/div><div class=\"porto-testimonial wpb_content_element   wpb_custom_4760b66c0cbf51ec9a7673f3785bca75\"><div class=\"testimonial testimonial-style-4\"><blockquote><p>Meine Nasenoperation war viel erfolgreicher als ich erwartet hatte. Die Aussicht war wundersch\u00f6n und ich wurde wieder gesund. Vielen Dank und viel Erfolg.<\/p><\/blockquote><div class=\"testimonial-arrow-down\"><\/div><div class=\"testimonial-author\"><div class=\"testimonial-author-thumbnail\"><img loading=\"lazy\" decoding=\"async\" class=\"img-responsive img-circle\" src=\"https:\/\/dralperuslu.com\/de\/wp-content\/uploads\/2023\/02\/ccc-1.png\" alt=\"ab...y\" width=\"137\" height=\"33\"><\/div><p><strong>ab...y<\/strong><span><\/span><\/p><\/div><\/div><\/div><div class=\"porto-testimonial wpb_content_element   wpb_custom_4760b66c0cbf51ec9a7673f3785bca75\"><div class=\"testimonial testimonial-style-4\"><blockquote><p>Ich habe mich vor etwa einem Jahr bei ihm f\u00fcr eine Brustvergr\u00f6\u00dferungsoperation beworben. Aufgrund seiner ausf\u00fchrlichen Erkl\u00e4rungen und seines Interesses entschied ich mich, die Operation vertrauensvoll durchf\u00fchren zu lassen. Das Ergebnis ist wirklich toll, ich bin sehr zufrieden, mein Selbstvertrauen ist gestiegen. Auch in der postoperativen Phase war er aufmerksam und beantwortete alle meine dummen Fragen geduldig, daf\u00fcr m\u00f6chte ich mich noch einmal ganz herzlich bei ihm bedanken.<\/p><\/blockquote><div class=\"testimonial-arrow-down\"><\/div><div class=\"testimonial-author\"><div class=\"testimonial-author-thumbnail\"><img loading=\"lazy\" decoding=\"async\" class=\"img-responsive img-circle\" src=\"https:\/\/dralperuslu.com\/de\/wp-content\/uploads\/2023\/02\/ccc-1.png\" alt=\"m.....\" width=\"137\" height=\"33\"><\/div><p><strong>m.....<\/strong><span><\/span><\/p><\/div><\/div><\/div><div class=\"porto-testimonial wpb_content_element   wpb_custom_4760b66c0cbf51ec9a7673f3785bca75\"><div class=\"testimonial testimonial-style-4\"><blockquote><p>Ich hatte vor etwa einem Monat eine Nasenkorrektur und das Ergebnis ist erstaunlich. Ich danke Lehrer Alper. Ein freundlicher Arzt, der seinem Patienten zuh\u00f6rt. IST Anfang April. Er wird gehen. Wenn jemand in Istanbul lebt, gehen Sie auf jeden Fall zu Alper Hodja, Sie werden es nicht bereuen. Meine Haselnussnase verdanke ich dem Alper-Lehrer.<\/p><\/blockquote><div class=\"testimonial-arrow-down\"><\/div><div class=\"testimonial-author\"><div class=\"testimonial-author-thumbnail\"><img loading=\"lazy\" decoding=\"async\" class=\"img-responsive img-circle\" src=\"https:\/\/dralperuslu.com\/de\/wp-content\/uploads\/2023\/02\/ccc-1.png\" alt=\"ha...\" width=\"137\" height=\"33\"><\/div><p><strong>ha...<\/strong><span><\/span><\/p><\/div><\/div><\/div><div class=\"porto-testimonial wpb_content_element   wpb_custom_4760b66c0cbf51ec9a7673f3785bca75\"><div class=\"testimonial testimonial-style-4\"><blockquote><p>Ich habe bei ihm eine Nasenoperation durchf\u00fchren lassen und bin mit den Ergebnissen sehr zufrieden, sowohl was den Atem als auch das Aussehen betrifft. Ich m\u00f6chte mich bei meinem erfolgreichen Arzt bedanken, der w\u00e4hrend des gesamten Behandlungsprozesses aufmerksam und aufmerksam war.<\/p><\/blockquote><div class=\"testimonial-arrow-down\"><\/div><div class=\"testimonial-author\"><div class=\"testimonial-author-thumbnail\"><img loading=\"lazy\" decoding=\"async\" class=\"img-responsive img-circle\" src=\"https:\/\/dralperuslu.com\/de\/wp-content\/uploads\/2023\/02\/ccc-1.png\" alt=\"a....e\" width=\"137\" height=\"33\"><\/div><p><strong>a....e<\/strong><span><\/span><\/p><\/div><\/div><\/div>[\/vc_column][\/vc_row][vc_row][vc_column][vc_custom_heading text=&#8221;<strong>Senden Sie Ihren Kommentar<\/strong>&#8221; use_theme_fonts=&#8221;yes&#8221; el_class=&#8221;shorter&#8221;][vc_separator color=&#8221;custom&#8221; gap=&#8221;tall&#8221; gradient=&#8221;yes&#8221;]\n<div class=\"wpcf7 no-js\" id=\"wpcf7-f795-o1\" lang=\"tr-TR\" dir=\"ltr\" data-wpcf7-id=\"795\">\n<div class=\"screen-reader-response\"><p role=\"status\" aria-live=\"polite\" aria-atomic=\"true\"><\/p> <ul><\/ul><\/div>\n<form action=\"\/de\/wp-json\/wp\/v2\/pages\/17#wpcf7-f795-o1\" method=\"post\" class=\"wpcf7-form init\" aria-label=\"\u0130leti\u015fim Formu\" novalidate=\"novalidate\" data-status=\"init\">\n<fieldset class=\"hidden-fields-container\"><input type=\"hidden\" name=\"_wpcf7\" value=\"795\" \/><input type=\"hidden\" name=\"_wpcf7_version\" value=\"6.1.5\" \/><input type=\"hidden\" name=\"_wpcf7_locale\" value=\"tr_TR\" \/><input type=\"hidden\" name=\"_wpcf7_unit_tag\" value=\"wpcf7-f795-o1\" \/><input type=\"hidden\" name=\"_wpcf7_container_post\" value=\"0\" \/><input type=\"hidden\" name=\"_wpcf7_posted_data_hash\" value=\"\" \/>\n<\/fieldset>\n<div class=\"row\">\n\t<div class=\"col-md-6\">\n\t\t<div class=\"form-group\">\n\t\t\t<p><label for=\"contact-name\">Name *<\/label><br \/>\n<span class=\"wpcf7-form-control-wrap\" data-name=\"your-name\"><input size=\"40\" maxlength=\"400\" class=\"wpcf7-form-control wpcf7-text wpcf7-validates-as-required form-control\" id=\"contact-name\" aria-required=\"true\" aria-invalid=\"false\" value=\"\" type=\"text\" name=\"your-name\" \/><\/span>\n\t\t\t<\/p>\n\t\t<\/div>\n\t<\/div>\n\t<div class=\"col-md-6\">\n\t\t<div class=\"form-group\">\n\t\t\t<p><label for=\"contact-email\">E-mail*<\/label><br \/>\n<span class=\"wpcf7-form-control-wrap\" data-name=\"your-email\"><input size=\"40\" maxlength=\"400\" class=\"wpcf7-form-control wpcf7-email wpcf7-validates-as-required wpcf7-text wpcf7-validates-as-email form-control\" id=\"contact-email\" aria-required=\"true\" aria-invalid=\"false\" value=\"\" type=\"email\" name=\"your-email\" \/><\/span>\n\t\t\t<\/p>\n\t\t<\/div>\n\t<\/div>\n\t<div class=\"col-md-12\">\n\t\t<div class=\"form-group\">\n\t\t\t<p><label for=\"contact-message\">Dein Kommentar*<\/label><br \/>\n<span class=\"wpcf7-form-control-wrap\" data-name=\"your-message\"><textarea cols=\"40\" rows=\"10\" maxlength=\"2000\" class=\"wpcf7-form-control wpcf7-textarea form-control\" id=\"contact-message\" aria-invalid=\"false\" name=\"your-message\"><\/textarea><\/span>\n\t\t\t<\/p>\n\t\t<\/div>\n\t<\/div>\n\t<div class=\"col-md-6\">\n\t\t<div class=\"form-group\">\n\t\t\t<p><span class=\"wpcf7-form-control-wrap\" data-name=\"Sicherheitsfrage\"><label><span class=\"wpcf7-quiz-label\">1x3=<\/span> <input size=\"40\" class=\"wpcf7-form-control wpcf7-quiz\" autocomplete=\"off\" aria-required=\"true\" aria-invalid=\"false\" type=\"text\" name=\"Sicherheitsfrage\" \/><\/label><input type=\"hidden\" name=\"_wpcf7_quiz_answer_Sicherheitsfrage\" value=\"c5ee44b97e369327a180e4a7d19e01fa\" \/><\/span>\n\t\t\t<\/p>\n\t\t\t<p><input class=\"wpcf7-form-control wpcf7-submit has-spinner btn btn-primary btn-lg\" type=\"submit\" value=\"Senden\" \/>\n\t\t\t<\/p>\n\t\t<\/div>\n\t<\/div>\n<\/div><div class=\"wpcf7-response-output\" aria-hidden=\"true\"><\/div>\n<\/form>\n<\/div>\n[\/vc_column][\/vc_row]<\/p>\n<\/div>","protected":false},"excerpt":{"rendered":"<p>[vc_row][vc_column][vc_custom_heading text=&#8221;Deine Kommentare&#8221; use_theme_fonts=&#8221;yes&#8221; el_class=&#8221;shorter&#8221;][vc_empty_space height=&#8221;10px&#8221;][\/vc_column][\/vc_row][vc_row][vc_column][vc_custom_heading text=&#8221;Senden Sie Ihren Kommentar&#8221; use_theme_fonts=&#8221;yes&#8221; el_class=&#8221;shorter&#8221;][vc_separator color=&#8221;custom&#8221; gap=&#8221;tall&#8221; gradient=&#8221;yes&#8221;][\/vc_column][\/vc_row]<\/p>\n","protected":false},"author":1,"featured_media":0,"parent":0,"menu_order":0,"comment_status":"closed","ping_status":"closed","template":"","meta":{"_joinchat":[],"footnotes":""},"class_list":["post-17","page","type-page","status-publish","hentry"],"aioseo_notices":[],"_links":{"self":[{"href":"https:\/\/dralperuslu.com\/de\/wp-json\/wp\/v2\/pages\/17","targetHints":{"allow":["GET"]}}],"collection":[{"href":"https:\/\/dralperuslu.com\/de\/wp-json\/wp\/v2\/pages"}],"about":[{"href":"https:\/\/dralperuslu.com\/de\/wp-json\/wp\/v2\/types\/page"}],"author":[{"embeddable":true,"href":"https:\/\/dralperuslu.com\/de\/wp-json\/wp\/v2\/users\/1"}],"replies":[{"embeddable":true,"href":"https:\/\/dralperuslu.com\/de\/wp-json\/wp\/v2\/comments?post=17"}],"version-history":[{"count":0,"href":"https:\/\/dralperuslu.com\/de\/wp-json\/wp\/v2\/pages\/17\/revisions"}],"wp:attachment":[{"href":"https:\/\/dralperuslu.com\/de\/wp-json\/wp\/v2\/media?parent=17"}],"curies":[{"name":"wp","href":"https:\/\/api.w.org\/{rel}","templated":true}]}}