{"id":13,"date":"2022-07-13T23:59:58","date_gmt":"2022-07-13T20:59:58","guid":{"rendered":"https:\/\/esraaktepekeskin.com\/?page_id=13"},"modified":"2024-09-19T16:33:19","modified_gmt":"2024-09-19T13:33:19","slug":"uber-mich","status":"publish","type":"page","link":"https:\/\/dralperuslu.com\/de\/uber-mich\/","title":{"rendered":"\u00dcber mich"},"content":{"rendered":"<div class=\"wpb-content-wrapper\"><p>[vc_row][vc_column][vc_column_text]<span style=\"font-size: 23px;\"><strong>Dr. Med. Alper Burak Uslu (FEBOPRAS)<\/strong><\/span><br \/>\n<span style=\"font-size: 16px;\">Facharzt f\u00fcr Plastische, Rekonstruktive und \u00c4sthetische Chirurgie<\/span><\/p>\n<hr \/>\n<p><img loading=\"lazy\" decoding=\"async\" class=\"size-full wp-image-1246 alignright\" src=\"https:\/\/dralperuslu.com\/de\/wp-content\/uploads\/2024\/09\/alper-burak-uslu_.jpg\" alt=\"\" width=\"451\" height=\"563\" srcset=\"https:\/\/dralperuslu.com\/de\/wp-content\/uploads\/2024\/09\/alper-burak-uslu_.jpg 451w, https:\/\/dralperuslu.com\/de\/wp-content\/uploads\/2024\/09\/alper-burak-uslu_-400x499.jpg 400w, https:\/\/dralperuslu.com\/de\/wp-content\/uploads\/2024\/09\/alper-burak-uslu_-367x458.jpg 367w\" sizes=\"auto, (max-width: 451px) 100vw, 451px\" \/>Dr. Alper Burak Uslu wurde 1988 in Ankara geboren. Er absolvierte seine Grundschul-, Mittel- und Oberschulausbildung an den Ankara Private Tevfik Fikret Schools und erhielt das \u201eBaccalaur\u00e9at Fran\u00e7ais\u201c (franz\u00f6sisches Abiturzeugnis). Obwohl er von der medizinischen Fakult\u00e4t der Universit\u00e4t Montpellier angenommen wurde, die als \u00e4lteste medizinische Fakult\u00e4t der Welt gilt, begann er 2005 seine medizinische Ausbildung an der medizinischen Fakult\u00e4t der Universit\u00e4t Ankara Ba\u015fkent, schloss sie 2011 ab und erhielt den Titel \u201eDoktor der Medizin\u201c. &#8220;.<\/p>\n<p>Er zeigte gro\u00dfe Erfolge bei der medizinischen Facharztpr\u00fcfung und wurde 2012 in die Abteilung f\u00fcr Plastische, Rekonstruktive und \u00c4sthetische Chirurgie des Ankara Numune Training and Research Hospital (ANH) aufgenommen und schloss 2017 seine Facharztausbildung in derselben Klinik ab. W\u00e4hrend dieser Jahre nahm er teil an viele Kongresse und Schulungen. Im Jahr 2014 erhielt er eine mikrochirurgische Ausbildung an der Goethe-Universit\u00e4t Frankfurt, Deutschland. W\u00e4hrend seiner Facharztausbildung f\u00fchrte er zahlreiche Operationen in den Bereichen \u00e4sthetische Chirurgie, Handchirurgie, rekonstruktive Mikrochirurgie, Mund- und Kieferchirurgie, Verbrennungen, Kopf- und Halskrebschirurgie und -rekonstruktionen, Traumata und Rekonstruktionen der unteren Extremit\u00e4ten durch. Im Jahr 2017 nahm er an den zweistufigen schriftlichen und m\u00fcndlichen Qualifikationspr\u00fcfungen teil, die von der T\u00fcrkischen Gesellschaft f\u00fcr Plastische, Rekonstruktive und \u00c4sthetische Chirurgie und dem European Board of Plastic Surgery (EBOPRAS) im Jahr 2018 organisiert wurden, und bestand diese beim ersten Versuch erfolgreich und erhielt die Auszeichnung die t\u00fcrkische und europ\u00e4ische Board-Qualifikation.<\/p>\n<p>Dr. Alper Burak Uslu leistete zwischen 2018 und 2020 seinen Pflichtdienst als Facharzt f\u00fcr Plastische, Rekonstruktive und \u00c4sthetische Chirurgie am Karaman Staatliches Krankenhaus, arbeitete zwischen 2020 und 2021 am Istanbul Haseki Training and Research Hospital und beteiligte sich an der Ausbildung von Assistenz\u00e4rzten sowie seine akademischen Studien. Im September 2021 wurde seine medizinische Ausbildung durch die Landesverwaltung M\u00fcnster best\u00e4tigt. Im Jahr 2021 verlie\u00df er seinen Pflichtdienst und begann haupts\u00e4chlich im Bereich der \u00e4sthetischen Chirurgie im Vanity Cosmetic Surgery Hospital zu arbeiten und ist weiterhin als freiberuflicher Arzt im Bereich der \u00e4sthetischen Chirurgie t\u00e4tig. Dr. Uslu, der Perfektion als oberstes Ziel ansieht, ist der Meinung, dass Chirurgen sich st\u00e4ndig weiterentwickeln und an ihre Grenzen gehen sollten, um ihr Ziel zu erreichen und den Patienten die bestm\u00f6gliche Behandlung zu bieten.<\/p>\n<p>Er hat zahlreiche wissenschaftliche Artikel in nationalen und internationalen Fachzeitschriften ver\u00f6ffentlicht und zahlreiche Vortr\u00e4ge auf nationalen und internationalen Kongressen gehalten. Er ist Mitglied der International Society of Aesthetic Plastic Surgeons (ISAPS), der American Society of Plastic Surgeons (ASPS), des European Board of Plastic, Reconstructive and Aesthetic Surgery (EBOPRAS), der Aesthetic Plastic Surgery Association (EPCD) und der Turkish Plastic, Reconstructive and Verband f\u00fcr \u00e4sthetische Chirurgie (TPRECD). Er spricht flie\u00dfend Englisch, Franz\u00f6sisch und Deutsch.[\/vc_column_text][\/vc_column][\/vc_row][vc_row wrap_container=&#8221;yes&#8221; conditional_render=&#8221;%5B%7B%22value_role%22%3A%22administrator%22%7D%5D&#8221;][vc_column][vc_row_inner][vc_column_inner width=&#8221;1\/5&#8243;][vc_single_image image=&#8221;1253&#8243; img_size=&#8221;198&#215;198&#8243; alignment=&#8221;center&#8221; onclick=&#8221;custom_link&#8221; link=&#8221;https:\/\/plastikcerrahi.org.tr\/&#8221;][\/vc_column_inner][vc_column_inner width=&#8221;1\/5&#8243;][vc_single_image image=&#8221;1255&#8243; img_size=&#8221;198x&#8221; alignment=&#8221;center&#8221; onclick=&#8221;custom_link&#8221; link=&#8221;https:\/\/www.isaps.org\/&#8221; label=&#8221;&#8221;][\/vc_column_inner][vc_column_inner width=&#8221;1\/5&#8243;][vc_single_image image=&#8221;1251&#8243; img_size=&#8221;198&#215;198&#8243; alignment=&#8221;center&#8221; onclick=&#8221;custom_link&#8221; link=&#8221;https:\/\/www.epcd.com.tr\/tr&#8221;][\/vc_column_inner][vc_column_inner width=&#8221;1\/5&#8243;][vc_single_image image=&#8221;1250&#8243; img_size=&#8221;198&#215;198&#8243; alignment=&#8221;center&#8221; onclick=&#8221;custom_link&#8221; link=&#8221;https:\/\/www.uems.eu\/&#8221;][\/vc_column_inner][vc_column_inner width=&#8221;1\/5&#8243;][vc_single_image image=&#8221;1249&#8243; img_size=&#8221;198&#215;198&#8243; alignment=&#8221;center&#8221; onclick=&#8221;custom_link&#8221; link=&#8221;https:\/\/www.plasticsurgery.org\/&#8221;][\/vc_column_inner][\/vc_row_inner][\/vc_column][\/vc_row][vc_row][vc_column][vc_column_text]<\/p>\n<hr \/>\n<h4><strong>WORK EXPERIENCE<\/strong><\/h4>\n<p>JUNE 2021 \u2013 STILL<br \/>\n<strong>PLASTIC, RECONSTRUCTIVE AND AESTHETIC SURGEON, <\/strong>VANITY COSMETIC SURGERY HOSPITAL<\/p>\n<p>JUNE 2020 \u2013 JUNE 2021<br \/>\n<strong>PLASTIC, RECONSTRUCTIVE AND AESTHETIC SURGEON<\/strong>, ISTANBUL HASEKI TRAINING AND RESEARCH HOSPITAL &#8211; PLASTIC, RECONSTRUCTIVE AND AESTHETIC SURGERY CLINIC<\/p>\n<p>FEBRUARY 2018 \u2013 JUNE 2020<br \/>\n<strong>PLASTIC, RECONSTRUCTIVE AND AESTHETIC SURGEON, <\/strong>KARAMAN TRAINING AND RESEARCH HOSPITAL &#8211; PLASTIC, RECONSTRUCTIVE AND AESTHETIC SURGERY CLINIC<\/p>\n<p>NOVEMBER 2017 \u2013 FEBRUARY 2018<br \/>\n<strong>SPECIALIST DOCTOR<\/strong>, ANKARA NUMUNE TRAINING AND RESEARCH HOSPITAL &#8211; PLASTIC, RECONSTRUCTIVE AND AESTHETIC SURGERY CLINIC<\/p>\n<p>JULY 2012 \u2013 NOVEMBER 2017<br \/>\n<strong>MEDICAL DOCTOR\/SPECIALTY TRAINING<\/strong>, ANKARA NUMUNE TRAINING AND RESEARCH HOSPITAL &#8211; PLASTIC, RECONSTRUCTIVE AND AESTHETIC SURGERY CLINIC<\/p>\n<p>OCTOBER 2011 \u2013 DECEMBER 2011<br \/>\n<strong>EMERGENCY DOCTOR,<\/strong> T.R. MINISTRY OF HEALTH MURAD\u0130YE STATE HOSPITAL<\/p>\n<hr \/>\n<h4><strong>EDUCATION<\/strong><\/h4>\n<p>JULY 2012 \u2013 NOVEMBER 2017<br \/>\n<strong>MEDICAL SPECIALTY TRAINING IN PLASTIC, RECONSTRUCTIVE AND AESTHETIC SURGERY<\/strong> ANKARA NUMUNE TRAINING AND RESEARCH HOSPITAL<\/p>\n<p>SEPTEMBER 2005- JULY 2011<br \/>\n<strong>MEDICAL DEGREE\/M.D. PROGRAM<\/strong>, BA\u015eKENT UNIVERSITY<\/p>\n<p>SEPTEMBER 2002 \u2013 JUNE 2005<br \/>\n<strong>HIGH SCHOOL &amp; BACCALAUR\u00c9AT FRAN\u00c7A\u0130S<\/strong>, ANKARA PRIVATE TEVFIK FIKRET HIGH SCHOOL<\/p>\n<p>SEPTEMBER 1994- JUNE 2002<br \/>\n<strong>PRIMARY &amp; MIDDLESCHOOL<\/strong>, ANKARA PRIVATE TEVFIK FIKRET SCHOOLS<\/p>\n<hr \/>\n<h4><strong>MEMBERSHIPS<\/strong><\/h4>\n<ul>\n<li>American Society of Plastic Surgeons (ASPS)<\/li>\n<li>International Society of Aesthetic Plastic Surgeons (ISAPS)<\/li>\n<li>Fellow of EBOPRAS (European Board of Plastic Surgery)<\/li>\n<li>Turkish Plastic, Reconstructive and Aesthetic Surgery Association<\/li>\n<li>Aesthetic Plastic Surgery Association<\/li>\n<\/ul>\n<hr \/>\n<h4><strong>CERTIFICATES<\/strong><\/h4>\n<ul>\n<li>European Board of Plastic, Reconstructive and Aesthetic Surgery (EBOPRAS) Certificate \u2013 April 2018 \u2013 Brussels\/BELGIUM<\/li>\n<li>Turkish Plastic, Reconstructive and Aesthetic Surgery Association Competency Certificate \u2013 September 2017 \u2013 Ankara<\/li>\n<li>Medical Education Credential Verification \u2013 Bezirksregierung M\u00fcnster\/GERMANY<\/li>\n<li>Ankara University \/ Certificate for the use of Animals in Experimental Studies \u2013 May 2017 \u2013 Ankara<\/li>\n<li>Ankara Cinema Academy \/ Basic Photography Training \u2013 April 2016 \u2013 Ankara<\/li>\n<li>3-Dimensional Anatomical Modeling and Virtual Surgery Planning Training Certificate \u2013 BTech Innovation \u2013 February 2020 \u2013 Kayseri<\/li>\n<\/ul>\n<hr \/>\n<h4><strong>PUBLICATIONS<\/strong><\/h4>\n<ul>\n<li>\u201cEffect of Tumescent Lidocaine and Epinephrine Infiltration on Blood Loss in Inferior Pedicle Wise-Pattern Breast Reduction: A Prospective Randomized Study.\u201d Uslu AB. Aesthetic Plast Surg. Published online: 15 Jul 2020. doi: 10.1007\/s00266-020-01859-z.<\/li>\n<li>\u201cEffect of dipyridamole on random pattern skin flap viability in rats.\u201d Uslu AB. Journal of Plastic Surgery and Hand Surgery. 2020 Aug;54(4):240-247. doi: 10.1080\/2000656X.2020.1756836.<\/li>\n<li>\u201cHeel Reconstruction With Bipedicled Flap: A Salvage Procedure.\u201d Uslu AB, Unlu RE. Int. J. Lower Extremity Wounds. Published online: 2020 Feb. doi: 10.1177\/1534734620905738.<\/li>\n<li>\u201cTreatment of migration and extrusion of the gold weight eyelid implant with fascia lata sandwich graft technique.\u201d Bulam H, \u00d6zt\u00fcrk O, \u00dcnl\u00fc E, Uslu A, Yilanci S, Bali Y, I\u011fde M. J Craniofac Surg. 2015 Jan;26(1):e10-2. doi: 10.1097\/SCS.0000000000001221.<\/li>\n<li>\u201cTers Ak\u0131ml\u0131 Radyal \u00d6nkol Flebi ile Eldeki Doku Defektlerinin Rekonstr\u00fcksiyonu.\u201d Asude K\u00f6ksal, Ramazan Erkin \u00dcnl\u00fc, Alper Burak Uslu, Mehmet Onur \u00d6zt\u00fcrk, Sinem S\u0131ng\u0131n. Gazi Medical Journal 27(1) 2016-01-10.<\/li>\n<li>\u201cG\u00f6\u011f\u00fcs \u00d6n Duvar\u0131 Defektlerinde G\u00f6\u011f\u00fcs Cerrahisi ile Birlikte Rekonstr\u00fcksiyon Deneyimlerimiz.\u201d Murat \u0130\u011fde, Asude K\u00f6ksal, Ramazan Erkin \u00dcnl\u00fc, Mehmet Onur \u00d6zt\u00fcrk, Alper Burak Uslu, Sinem S\u0131ng\u0131n, B\u00fclent Ko\u00e7er. Gazi Medical Journal 26(4) 2017-11-27.<\/li>\n<li>\u201cS\u0131\u00e7anlarda Dorsal S\u0131rt Flepinin Ya\u015fayabilirli\u011fine Dipiridamol\u2019\u00fcn Etkinli\u011finin Ara\u015ft\u0131r\u0131lmas\u0131\u201d \u2013 Tez \u00c7al\u0131\u015fmas\u0131<\/li>\n<\/ul>\n<hr \/>\n<h4><strong>ACADEMIC ACTIVITIES<\/strong><\/h4>\n<ul>\n<li>Istanbul Haseki Training and Research Hospital \u2013 General Surgery Clinic ; Assistant Doctor Training<br \/>\n\u2013 29.09.2020: Burns: Evaluation, Early and Late Treatment<br \/>\n\u2013 16.10.2020: Reconstruction with Grafts and Flaps<\/li>\n<\/ul>\n<hr \/>\n<h4><strong>NATIONAL&amp;INTERNATIONAL CONGRESS PRESENTATIONS<\/strong><\/h4>\n<ul>\n<li>Choice of Technique For Cartilage and Bony Vault Reduction in Preservation Rhinoplasty \u2013 33rd Annual Congress of the European Association of Plastic Surgery (EURAPS). 25-27 May 2023. Stockholm\/SWEDEN<\/li>\n<li>Choice of Technique For Cartilage and Bony Vault Reduction in Preservation Rhinoplasty \u2013 26. ISAPS World Congress. 20-24 September 2022. Istanbul<\/li>\n<li>A New Technique in the Reconstruction of Distal 1\/3 Leg Defects: Reverse Flow Peroneal Artery Fasciocutaneous Flap \u2013 TPRECD 41st National Congress SS-037<\/li>\n<li>Tendon Transfers in Ulnar Nerve Palsy \u2013 TPRECD Konya Microsurgery Days &amp; 7th Konya Regional Meeting \u2013 13-14 April 2019<\/li>\n<\/ul>\n<hr \/>\n<h4><strong>SKILLS<\/strong><\/h4>\n<ul>\n<li>Plastic surgery<\/li>\n<li>Medical Aesthetic Procedures<\/li>\n<li>Reconstructive Surgery<\/li>\n<li>Microsurgery<\/li>\n<li>Oral and Maxillofacial Surgery<\/li>\n<\/ul>\n<hr \/>\n<h4><strong>LANGUAGE COMPETENCY<\/strong><\/h4>\n<ul>\n<li>ENGLISH (TOEFL 98\/120, IELTS 7,0\/9, YDS 96,5\/100) Native<\/li>\n<li>FRENCH (DALF C1\/ACCORDING TO THE CEFR SCALE) Advanced<\/li>\n<li>GERMAN (Goethe Zertifikat C1 80\/100- ACCORDING TO THE CEFR SCALE) Advanced<\/li>\n<\/ul>\n<hr \/>\n<h4><strong>TRAININGS-COURSES AND CONGRESSES ATTENDED<\/strong><\/h4>\n<ul>\n<li>Louisville Microsurgery Teaching Course \u2013 March 2014, Frankfurt Germany<\/li>\n<li>14th National Hand and Upper Extremity Surgery Congress \u2013 May 2014, Bursa<\/li>\n<li>2nd International Cleft Palate\/Lip Congress \u2013 November 2015, Antalya<\/li>\n<li>TPRECD (Turkish Society of Plastic, Reconstructive and Aesthetic Surgery) 37th National Congress \u2013 November 2015, Ankara<\/li>\n<li>TPRECD Winter Symposium 2016 \u2013 March 2016, Kayseri Erciyes<\/li>\n<li>TPRECD IX. Rhinoplasty Course \u2013 April 2016, Ankara<\/li>\n<li>TPRECD Winter Symposium 2017 \u2013 March 2017, Isparta Davraz<\/li>\n<li>Ankara University Basic Statistics Course for Medical Doctors &amp; Dentistry \u2013 June 2017, Ankara<\/li>\n<li>TPRECD 39th National Congress \u2013 October 2017, Antalya<\/li>\n<li>TPRECD Non-Surgical Aesthetic Procedures Course \u2013 December 2017, Istanbul<\/li>\n<li>TPRECD 41st National Congress \u2013 October 2019, Samsun<\/li>\n<li>BTech Innovation \u2013 3-Dimensional Anatomical Modeling and Virtual Surgery Planning Training \u2013 February 2020, Kayseri<\/li>\n<li>EPCD (Aesthetic Plastic Surgery Association) 25th National Congress \u2013 16-17 January 2021, Online<\/li>\n<li>31st EURAPS Annual Meeting \/ 9th EURAPS Research Council Meeting \u2013 May 26-29, 2021. Online<\/li>\n<li>Structure &amp; Preservation Rhinoplasty Meeting \u2013 June 11-13, 2021. Istanbul<\/li>\n<li>12th ISAPS (International Society of Aesthetic Plastic Surgeons) Course \/ International Eurasian Aesthetic Plastic Surgery Course \u2013 17-19 June 2021. Istanbul<\/li>\n<li>Aesthetic Plastic Surgery Association (EPCD) National Annual Congress \u2013 15-16 January 2022. Istanbul<\/li>\n<li>Nice Preservation Rhinoplasty Course \u2013 February 25-27th 2022. Nice\/France<\/li>\n<li>13th International Eurasian Aesthetic Plastic Surgery &amp; ISAPS Course \u2013 9-11 June 2022. Istanbul<\/li>\n<li>Structure \u2013 Preservation Rhinoplasty Meeting 23-26 June 2022. Istanbul<\/li>\n<li>26th ISAPS World Congress. 20-24 September 2022. Istanbul<\/li>\n<\/ul>\n<hr \/>\n<h4><strong>CONFERENCE PAPERS AND ORAL-POSTER PRESENTATIONS<\/strong><\/h4>\n<ul>\n<li>A New Technique in the Reconstruction of Distal 1\/3 Leg Defects: Reverse Flow Peroneal Artery Fasciocutaneous Flap \u2013 TPRECD 41st National Congress SS-037 (Oral Presentation)<\/li>\n<li>Tendon Transfers in Ulnar Nerve Palsy \u2013 TPRECD Konya Microsurgery Days &amp; 7th Konya Regional Meeting \u2013 April 2019 (Oral Presentation)<\/li>\n<li>A Practical Reconstructive Option: Hypothenar Island Flap \u2013 TPRECD 36th National Congress SS-364 (Oral Presentation)<\/li>\n<li>Our Diabetic Outpatient Clinical Approaches \u2013 TPRECD 34th National Congress SS-076 (Oral Presentation)<\/li>\n<li>Composite tissue replantation containing bone, muscle and skin in the hand \u2013 case report \u2013 9th National Reconstructive Microsurgery \u2013 September 2020 (Poster Presentation)<\/li>\n<li>Acute Thrombosis of Free Flap Pedicle Due to Protamine Sulfate Application PB-79 \u2013 14th National Hand and Upper Extremity Surgery Congress (Poster Presentation)<\/li>\n<li>Constrictive Band Syndrome in the Left Hand and Leg: Case Report PP-008 \u2013 TPRECD 34th National Congress (Poster Presentation)<\/li>\n<li>Nasal Tip Reconstruction with Modified Rintala Flap PP-051 \u2013 TPRECD 34th National Congress (Poster Presentation)<\/li>\n<li>Recurrent Basal Cell Cancer with Maxilla Invasion: Case Report PP-059 TPRECD 34th National Congress (Poster Presentation)<\/li>\n<li>Vaginal Agenesis and Reconstruction Options \u2013 Our Clinical Experiences P398 \u2013 TPRECD 34th National Congress (Poster Presentation)<\/li>\n<li>Our Experiences in Medial Canthal Region Skin Tumors P172 \u2013 TPRECD 34th National Congress (Poster Presentation)<\/li>\n<li>Cochlear Implant Exposition Reconstruction P074 \u2013 TPRECD 34th National Congress (Poster Presentation)<\/li>\n<li>Thrombophlebitis After Laser Varicose Vein Treatment and Its Treatment P030 \u2013 TPRECD 34th National Congress (Poster Presentation)<\/li>\n<li>Reconstruction of Nipple-Areola Deformities Secondary to Burn: Case Series P368 \u2013 TPRECD 34th National Congress (Poster Presentation)<\/li>\n<li>Prophylactic \u201cModified Simple Canthopexy\u201d Application for Ectropion in Orbital Fractures P353 \u2013 TPRECD 34th National Congress (Poster Presentation)<\/li>\n<li>Use of Superficial Temporal Facial Osseous Flap in Cleft Palate P326 \u2013 TPRECD 34th National Congress (Poster Presentation)<\/li>\n<li>Lederhose Disease: Case Report P298 \u2013 TPRECD 34th National Congress (Poster Presentation)<\/li>\n<li>Interpolation Flap Separation Protocol P287 \u2013 TPRECD 34th National Congress (Poster Presentation)<\/li>\n<li>Our Reconstruction Experiences with Heterodigital Neurovascular Island Flap in Finger Defects P275 \u2013 TPRECD 34th National Congress (Poster Presentation)<\/li>\n<li>Our Reconstruction Experiences with Free Fibula Flap in a Patient with Subtotal Amputation of the Forearm P230 \u2013 TPRECD 34th National Congress (Poster Presentation)<\/li>\n<li>A Challenging Case of Scalp Reconstruction P111 \u2013 TPRECD 34th National Congress (Poster Presentation)<\/li>\n<li>Radial Forearm Flap and PL Tendon Sling in Lower Lip Reconstruction P090 \u2013 TPRECD 34th National Congress (Poster Presentation)<\/li>\n<li>Upper Lip Hypertrophy \u2013 Double Lip Deformity: Case Report P080 \u2013 TPRECD 34th National Congress (Poster Presentation)<\/li>\n<li>Surgical Approach to Migraine Pain P049 \u2013 TPRECD 34th National Congress (Poster Presentation)<\/li>\n<li>Prosthesis Application in Temporomandibular Joint Ankylosis P045 \u2013 TPRECD 34th National Congress (Poster Presentation)<\/li>\n<li>My Fournier Gangrene Reconstruction Experiences P288 \u2013 TPRECD 36th National Congress (Poster Presentation)<\/li>\n<li>A Practical Reconstructive Option: Hypothenar Island Flap P362 \u2013 TPRECD 36th National Congress (Poster Presentation)<\/li>\n<li>\u201cMiami Flap\u201d Reverse Tenar Island Flap P361 \u2013 TPRECD 36th National Congress (Poster Presentation)<\/li>\n<li>One Patient, One Upper Extremity, Four Different Diseases P360 \u2013 TPRECD 36th National Congress (Poster Presentation)<\/li>\n<li>Tubularization and Adaptation of the Paraumbilical Flap with an Injector in Degloving Injuries P331 \u2013 TPRECD 36th National Congress (Poster Presentation)<\/li>\n<li>Chondroma \u2013 Chondrosarcoma Dilemma P280 \u2013 TPRECD 36th National Congress (Poster Presentation)<\/li>\n<li>Malignant Peripheral Nerve Sheath Tumor in Brachial Plexus: Case Report P288 \u2013 TPRECD 36th National Congress (Poster Presentation)<\/li>\n<li>Abbe Flap Modification: Case Report P134 \u2013 TPRECD 36th National Congress (Poster Presentation)<\/li>\n<li>AVM Encountered During Free Fibula Flap Removal \u2013 Case Report P21 \u2013 TPRECD 36th National Congress (Poster Presentation)<\/li>\n<li>Our Clinical Experiences in Sciatic Nerve Injuries P29 \u2013 TPRECD 36th National Congress (Poster Presentation)<\/li>\n<li>Treatment of Complicated Upper Eyelid Gold Implant Application Using Fascia Lata Graft P58 \u2013 TPRECD 36th National Congress (Poster Presentation)<\/li>\n<li>Case Report of Malignant Melanoma Detected Incidentally as a Result of Finger Distal Tip Amputation P14 \u2013 VI. National Reconstructive Microsurgery Congress (Poster Presentation)<\/li>\n<li>\u201cFujimori\u201d Gate Flap in Total Lower Lip Defects: Case Report P030 \u2013 TPRECD 37th National Congress (Poster Presentation)<\/li>\n<li>Medial Based Modified Fricke Flap in Upper Eyelid Reconstruction P066 \u2013 TPRECD 37th National Congress (Poster Presentation)<\/li>\n<li>A Case of Orbital Recurrence Basosquamous Cell Ca with Right Eye Enucleation P067 \u2013 TPRECD 37th National Congress (Poster Presentation)<\/li>\n<li>Expander Use in Large Cicatricial Alopecia Occurring After Burn in a Four-Year-Old Child Patient P072 \u2013 TPRECD 37th National Congress (Poster Presentation)<\/li>\n<li>Sternotomy Defect Reconstruction After Cardiovascular Surgery P182 \u2013 TPRECD 37th National Congress (Poster Presentation)<\/li>\n<li>Epithelioid Sarcoma \u2013 Case Report P308 \u2013 TPRECD 37th National Congress (Poster Presentation)<\/li>\n<li>Traumatic Total Upper Extremity Amputation: Case Report P317 \u2013 TPRECD 37th National Congress (Poster Presentation)<\/li>\n<li>Our Experiences in Breast Reconstruction with TRAM Flap P389 \u2013 TPRECD 37th National Congress (Poster Presentation)<\/li>\n<li>A Double Arm Replantation Case P403 \u2013 TPRECD 37th National Congress (Poster Presentation)<\/li>\n<li>Our Experiences in Pacemaker Exposed Defects P434 \u2013 TPRECD 37th National Congress (Poster Presentation)<\/li>\n<li>A Challenging Reconstruction Case: Nicolau Syndrome in a Diabetic Patient P459 \u2013 TPRECD 37th National Congress (Poster Presentation)<\/li>\n<li>Reconstruction of Forearm Defects Due to Electrical Burn P468 \u2013 TPRECD 37th National Congress (Poster Presentation)<\/li>\n<li>Tips for Easy Dissection in Superficial Parotidectomy P057 \u2013 TPRECD 38th National Congress (Poster Presentation)<\/li>\n<li>Elastofibroma Dorsi in the Right Infraclavicular Region: Case Report P128 \u2013 TPRECD 38th National Congress (Poster Presentation)<\/li>\n<li>Tricholemmal Carcinoma in the Left Oral Commissure: Case Report P133 \u2013 TPRECD 38th National Congress (Poster Presentation)<\/li>\n<li>Pedicled Latissimus Dorsi Myocutaneous Flap Providing Contour on the Shoulder After Gunshot Injury P299 \u2013 TPRECD 38th National Congress (Poster Presentation)<\/li>\n<li>30 Years of Osteomyelitis in the Leg Reconstruction with Hemisoleus Muscle Flap P305 \u2013 TPRECD 38th National Congress (Poster Presentation)<\/li>\n<li>Our Experiences with SGAP Flap P309 \u2013 TPRECD 38th National Congress (Poster Presentation)<\/li>\n<li>Use of Thoracodorsal Artery Perforator Flap in the Surgical Treatment of Axillary Hidradenitis Suppurativa P402 \u2013 TPRECD 38th National Congress (Poster Presentation)<\/li>\n<li>Epidermal Cell Graft Therapy in the Treatment of Chronic Venous Ulcer P38 \u2013 13th National Wound Care Congress \u2013 December 2018 (Poster Presentation)<\/li>\n<li>Our Experience with Negative Pressure Wound Treatment for Stage IV Pressure Sores P81 \u2013 13th National Wound Care Congress \u2013 December 2018 (Poster Presentation)<\/li>\n<li>Our Approach to Two Diabetic Foot Planned for Amputation P80 \u2013 13th National Wound Care Congress \u2013 December 2018 (Poster Presentation)<\/li>\n<li>Treatment of a Patient Who Developed Skin Necrosis After Coil Embolism with Hypochlorous Acid (HOCl) P49 \u2013 13th National Wound Care Congress \u2013 December 2018 (Poster Presentation)<\/li>\n<\/ul>\n<p>[\/vc_column_text][\/vc_column][\/vc_row]<\/p>\n<\/div>","protected":false},"excerpt":{"rendered":"<p>[vc_row][vc_column][vc_column_text]Dr. Med. Alper Burak Uslu (FEBOPRAS) Facharzt f\u00fcr Plastische, Rekonstruktive und \u00c4sthetische Chirurgie Dr. Alper Burak Uslu wurde 1988 in Ankara geboren. Er absolvierte seine Grundschul-, Mittel- und Oberschulausbildung an den Ankara Private Tevfik Fikret Schools und erhielt das \u201eBaccalaur\u00e9at Fran\u00e7ais\u201c (franz\u00f6sisches Abiturzeugnis). Obwohl er von der medizinischen Fakult\u00e4t der Universit\u00e4t Montpellier angenommen wurde, die [&hellip;]<\/p>\n","protected":false},"author":1,"featured_media":0,"parent":0,"menu_order":0,"comment_status":"closed","ping_status":"closed","template":"","meta":{"_joinchat":[],"footnotes":""},"class_list":["post-13","page","type-page","status-publish","hentry"],"aioseo_notices":[],"_links":{"self":[{"href":"https:\/\/dralperuslu.com\/de\/wp-json\/wp\/v2\/pages\/13","targetHints":{"allow":["GET"]}}],"collection":[{"href":"https:\/\/dralperuslu.com\/de\/wp-json\/wp\/v2\/pages"}],"about":[{"href":"https:\/\/dralperuslu.com\/de\/wp-json\/wp\/v2\/types\/page"}],"author":[{"embeddable":true,"href":"https:\/\/dralperuslu.com\/de\/wp-json\/wp\/v2\/users\/1"}],"replies":[{"embeddable":true,"href":"https:\/\/dralperuslu.com\/de\/wp-json\/wp\/v2\/comments?post=13"}],"version-history":[{"count":0,"href":"https:\/\/dralperuslu.com\/de\/wp-json\/wp\/v2\/pages\/13\/revisions"}],"wp:attachment":[{"href":"https:\/\/dralperuslu.com\/de\/wp-json\/wp\/v2\/media?parent=13"}],"curies":[{"name":"wp","href":"https:\/\/api.w.org\/{rel}","templated":true}]}}